{"id":71,"date":"2025-02-21T23:12:17","date_gmt":"2025-02-21T20:12:17","guid":{"rendered":"https:\/\/innovationhaar.com\/de\/?page_id=71"},"modified":"2025-02-26T22:13:45","modified_gmt":"2025-02-26T19:13:45","slug":"saphir-haartransplantation","status":"publish","type":"page","link":"https:\/\/innovationhaar.com\/de\/saphir-haartransplantation\/","title":{"rendered":"Saphir Haartransplantation"},"content":{"rendered":"\t\t<div data-elementor-type=\"wp-page\" data-elementor-id=\"71\" class=\"elementor elementor-71\" data-elementor-post-type=\"page\">\n\t\t\t\t<div class=\"elementor-element elementor-element-1f051241 e-con-full e-flex e-con e-parent\" data-id=\"1f051241\" data-element_type=\"container\" data-e-type=\"container\" data-settings=\"{&quot;background_background&quot;:&quot;gradient&quot;}\">\n\t\t\t\t<div class=\"elementor-element elementor-element-21b640a0 elementor-widget elementor-widget-heading\" data-id=\"21b640a0\" data-element_type=\"widget\" data-e-type=\"widget\" data-widget_type=\"heading.default\">\n\t\t\t\t<div class=\"elementor-widget-container\">\n\t\t\t\t\t<h1 class=\"elementor-heading-title elementor-size-default\">SAPHIR HAARTRANSPLANTATION<\/h1>\t\t\t\t<\/div>\n\t\t\t\t<\/div>\n\t\t\t\t<\/div>\n\t\t<div class=\"elementor-element elementor-element-3658fe5c e-con-full e-flex e-con e-parent\" data-id=\"3658fe5c\" data-element_type=\"container\" data-e-type=\"container\" data-settings=\"{&quot;background_background&quot;:&quot;classic&quot;}\">\n\t\t<div class=\"elementor-element elementor-element-1ee4aa87 e-con-full e-flex e-con e-child\" data-id=\"1ee4aa87\" data-element_type=\"container\" data-e-type=\"container\">\n\t\t\t\t<div class=\"elementor-element elementor-element-218ac6a5 elementor-widget elementor-widget-heading\" data-id=\"218ac6a5\" data-element_type=\"widget\" data-e-type=\"widget\" data-widget_type=\"heading.default\">\n\t\t\t\t<div class=\"elementor-widget-container\">\n\t\t\t\t\t<h2 class=\"elementor-heading-title elementor-size-default\">Haartransplantation mit der Saphir Technik<\/h2>\t\t\t\t<\/div>\n\t\t\t\t<\/div>\n\t\t\t\t<div class=\"elementor-element elementor-element-46bb06da elementor-widget elementor-widget-text-editor\" data-id=\"46bb06da\" data-element_type=\"widget\" data-e-type=\"widget\" data-widget_type=\"text-editor.default\">\n\t\t\t\t<div class=\"elementor-widget-container\">\n\t\t\t\t\t\t\t\t\t<p>\u00a0Mit den Fortschritten in der Technologie haben kontinuierliche Innovationen in allen Bereichen stattgefunden, was sich auch auf die Haartransplantation ausgewirkt hat. Im Zuge der Weiterentwicklung der FUE-Methode wurde 2016 die <strong>Saphir-Technik<\/strong> als eine innovative Variante eingef\u00fchrt und f\u00fcr Haartransplantationen genutzt.Obwohl sich diese Methode in Bezug auf die Entnahme der Grafts aus dem Spenderbereich und das \u00d6ffnen von Kan\u00e4len f\u00fcr die Transplantation grunds\u00e4tzlich nicht von der <strong>FUE- oder DHI-Technik<\/strong> unterscheidet, gibt es einen wesentlichen Unterschied:Anstelle der in der Slit-Technik verwendeten Metall- (Stahl-) Klingen werden hier spezielle Klingen aus <strong>Saphir<\/strong>, einem wertvollen Mineral, eingesetzt. Diese <strong>kristallinen Spitzen<\/strong> verursachen keine Sch\u00e4den am Hautgewebe und erm\u00f6glichen eine pr\u00e4zisere und schonendere Kanal\u00f6ffnung.<\/p>\t\t\t\t\t\t\t\t<\/div>\n\t\t\t\t<\/div>\n\t\t\t\t<\/div>\n\t\t<div class=\"elementor-element elementor-element-1c0a435f e-con-full e-flex e-con e-child\" data-id=\"1c0a435f\" data-element_type=\"container\" data-e-type=\"container\">\n\t\t\t\t<div class=\"elementor-element elementor-element-2b3297c2 elementor-widget elementor-widget-image\" data-id=\"2b3297c2\" data-element_type=\"widget\" data-e-type=\"widget\" data-widget_type=\"image.default\">\n\t\t\t\t<div class=\"elementor-widget-container\">\n\t\t\t\t\t\t\t\t\t\t\t\t\t\t\t<img fetchpriority=\"high\" decoding=\"async\" width=\"600\" height=\"361\" src=\"https:\/\/innovationhaar.com\/de\/wp-content\/uploads\/sites\/3\/2025\/02\/sapphire-hair.png\" class=\"attachment-full size-full wp-image-750\" alt=\"\" srcset=\"https:\/\/innovationhaar.com\/de\/wp-content\/uploads\/sites\/3\/2025\/02\/sapphire-hair.png 600w, https:\/\/innovationhaar.com\/de\/wp-content\/uploads\/sites\/3\/2025\/02\/sapphire-hair-300x181.png 300w\" sizes=\"(max-width: 600px) 100vw, 600px\" \/>\t\t\t\t\t\t\t\t\t\t\t\t\t\t\t<\/div>\n\t\t\t\t<\/div>\n\t\t\t\t<\/div>\n\t\t\t\t<\/div>\n\t\t<div class=\"elementor-element elementor-element-17334a14 e-con-full e-flex e-con e-parent\" data-id=\"17334a14\" data-element_type=\"container\" data-e-type=\"container\" data-settings=\"{&quot;background_background&quot;:&quot;classic&quot;}\">\n\t\t<div class=\"elementor-element elementor-element-20919c35 e-con-full e-flex e-con e-child\" data-id=\"20919c35\" data-element_type=\"container\" data-e-type=\"container\">\n\t\t\t\t<div class=\"elementor-element elementor-element-391d512d elementor-widget elementor-widget-image\" data-id=\"391d512d\" data-element_type=\"widget\" data-e-type=\"widget\" data-widget_type=\"image.default\">\n\t\t\t\t<div class=\"elementor-widget-container\">\n\t\t\t\t\t\t\t\t\t\t\t\t\t\t\t<img decoding=\"async\" width=\"1250\" height=\"650\" src=\"https:\/\/innovationhaar.com\/de\/wp-content\/uploads\/sites\/3\/2025\/02\/sapphire_method.webp\" class=\"attachment-full size-full wp-image-751\" alt=\"\" srcset=\"https:\/\/innovationhaar.com\/de\/wp-content\/uploads\/sites\/3\/2025\/02\/sapphire_method.webp 1250w, https:\/\/innovationhaar.com\/de\/wp-content\/uploads\/sites\/3\/2025\/02\/sapphire_method-300x156.webp 300w, https:\/\/innovationhaar.com\/de\/wp-content\/uploads\/sites\/3\/2025\/02\/sapphire_method-1024x532.webp 1024w, https:\/\/innovationhaar.com\/de\/wp-content\/uploads\/sites\/3\/2025\/02\/sapphire_method-768x399.webp 768w\" sizes=\"(max-width: 1250px) 100vw, 1250px\" \/>\t\t\t\t\t\t\t\t\t\t\t\t\t\t\t<\/div>\n\t\t\t\t<\/div>\n\t\t\t\t<\/div>\n\t\t<div class=\"elementor-element elementor-element-651ef78b e-con-full e-flex e-con e-child\" data-id=\"651ef78b\" data-element_type=\"container\" data-e-type=\"container\">\n\t\t\t\t<div class=\"elementor-element elementor-element-3e39eb02 elementor-widget elementor-widget-heading\" data-id=\"3e39eb02\" data-element_type=\"widget\" data-e-type=\"widget\" data-widget_type=\"heading.default\">\n\t\t\t\t<div class=\"elementor-widget-container\">\n\t\t\t\t\t<h3 class=\"elementor-heading-title elementor-size-default\">Vorteile der Saphir Technik<\/h3>\t\t\t\t<\/div>\n\t\t\t\t<\/div>\n\t\t\t\t<div class=\"elementor-element elementor-element-42689f75 elementor-widget elementor-widget-text-editor\" data-id=\"42689f75\" data-element_type=\"widget\" data-e-type=\"widget\" data-widget_type=\"text-editor.default\">\n\t\t\t\t<div class=\"elementor-widget-container\">\n\t\t\t\t\t\t\t\t\t<p>Dank der speziellen Saphirspitzen, die in Gr\u00f6\u00dfen von 1,0 mm, 1,3 mm und 1,5 mm erh\u00e4ltlich sind, k\u00f6nnen im Empf\u00e4ngerbereich feinere Mikrokan\u00e4le ge\u00f6ffnet werden.Da diese Kan\u00e4le ohne Sch\u00e4digung des Gewebes ge\u00f6ffnet werden, treten minimale Blutungen auf, es entstehen keine Wunden, und der Krusten- sowie Heilungsprozess verl\u00e4uft deutlich schneller. Zudem reduziert die antimikrobielle Eigenschaft der Saphirspitzen das Infektionsrisiko erheblich.Diese Methode eignet sich besonders f\u00fcr Personen mit einer Metallunvertr\u00e4glichkeit oder Allergie, da keine Metallklingen verwendet werden.Da die Haarfollikel mit den richtigen Winkeln in die ge\u00f6ffneten Mikrokan\u00e4le gesetzt und besonders dicht transplantiert werden k\u00f6nnen, erm\u00f6glicht die Saphir-Technik noch nat\u00fcrlichere und \u00e4sthetischere Ergebnisse.Dar\u00fcber hinaus bietet diese Technik auch f\u00fcr Personen mit fortgeschrittenem Haarausfall eine h\u00f6here Erfolgsrate und optimale Ergebnisse.<\/p>\t\t\t\t\t\t\t\t<\/div>\n\t\t\t\t<\/div>\n\t\t\t\t<\/div>\n\t\t\t\t<\/div>\n\t\t<div class=\"elementor-element elementor-element-79413697 e-con-full e-flex e-con e-parent\" data-id=\"79413697\" data-element_type=\"container\" data-e-type=\"container\">\n\t\t<div class=\"elementor-element elementor-element-23e3d6b9 e-con-full e-flex e-con e-child\" data-id=\"23e3d6b9\" data-element_type=\"container\" data-e-type=\"container\">\n\t\t\t\t<div class=\"elementor-element elementor-element-74b8b2f8 elementor-widget elementor-widget-heading\" data-id=\"74b8b2f8\" data-element_type=\"widget\" data-e-type=\"widget\" data-widget_type=\"heading.default\">\n\t\t\t\t<div class=\"elementor-widget-container\">\n\t\t\t\t\t<h2 class=\"elementor-heading-title elementor-size-default\">Saphir-Technik und Patientenzufriedenheit<\/h2>\t\t\t\t<\/div>\n\t\t\t\t<\/div>\n\t\t\t\t<div class=\"elementor-element elementor-element-d88f14 elementor-widget elementor-widget-text-editor\" data-id=\"d88f14\" data-element_type=\"widget\" data-e-type=\"widget\" data-widget_type=\"text-editor.default\">\n\t\t\t\t<div class=\"elementor-widget-container\">\n\t\t\t\t\t\t\t\t\t<p>\u00a0Die Saphir-Technik weist im Vergleich zu anderen Haartransplantations methoden eine hohe Patientenzufriedenheit auf. Die kurze Heilungszeit und das Fehlen sichtbarer Narben nach dem Eingriff erm\u00f6glichen es den Patienten, schnell in ihren Alltag zur\u00fcckzukehren.Diese Technik stellt nicht nur \u00e4sthetische Ergebnisse, sondern auch Komfort in den Vordergrund und hat sich daher als bevorzugte Methode bei Haartransplantationen etabliert.<\/p>\t\t\t\t\t\t\t\t<\/div>\n\t\t\t\t<\/div>\n\t\t\t\t<\/div>\n\t\t<div class=\"elementor-element elementor-element-6638d74b e-con-full e-flex e-con e-child\" data-id=\"6638d74b\" data-element_type=\"container\" data-e-type=\"container\">\n\t\t\t\t<div class=\"elementor-element elementor-element-6b1a193d elementor-widget elementor-widget-image\" data-id=\"6b1a193d\" data-element_type=\"widget\" data-e-type=\"widget\" data-widget_type=\"image.default\">\n\t\t\t\t<div class=\"elementor-widget-container\">\n\t\t\t\t\t\t\t\t\t\t\t\t\t\t\t<img decoding=\"async\" width=\"1200\" height=\"750\" src=\"https:\/\/innovationhaar.com\/de\/wp-content\/uploads\/sites\/3\/2025\/02\/micro-fue-1-1200x750-1.jpg\" class=\"attachment-full size-full wp-image-752\" alt=\"\" srcset=\"https:\/\/innovationhaar.com\/de\/wp-content\/uploads\/sites\/3\/2025\/02\/micro-fue-1-1200x750-1.jpg 1200w, https:\/\/innovationhaar.com\/de\/wp-content\/uploads\/sites\/3\/2025\/02\/micro-fue-1-1200x750-1-300x188.jpg 300w, https:\/\/innovationhaar.com\/de\/wp-content\/uploads\/sites\/3\/2025\/02\/micro-fue-1-1200x750-1-1024x640.jpg 1024w, https:\/\/innovationhaar.com\/de\/wp-content\/uploads\/sites\/3\/2025\/02\/micro-fue-1-1200x750-1-768x480.jpg 768w\" sizes=\"(max-width: 1200px) 100vw, 1200px\" \/>\t\t\t\t\t\t\t\t\t\t\t\t\t\t\t<\/div>\n\t\t\t\t<\/div>\n\t\t\t\t<\/div>\n\t\t\t\t<\/div>\n\t\t<div class=\"elementor-element elementor-element-416ef549 e-con-full e-flex e-con e-parent\" data-id=\"416ef549\" data-element_type=\"container\" data-e-type=\"container\" data-settings=\"{&quot;background_background&quot;:&quot;classic&quot;}\">\n\t\t<div class=\"elementor-element elementor-element-97ca8e e-con-full e-flex e-con e-child\" data-id=\"97ca8e\" data-element_type=\"container\" data-e-type=\"container\">\n\t\t\t\t<div class=\"elementor-element elementor-element-78b1e177 elementor-widget elementor-widget-image\" data-id=\"78b1e177\" data-element_type=\"widget\" data-e-type=\"widget\" data-widget_type=\"image.default\">\n\t\t\t\t<div class=\"elementor-widget-container\">\n\t\t\t\t\t\t\t\t\t\t\t\t\t\t\t<img loading=\"lazy\" decoding=\"async\" width=\"1600\" height=\"1066\" src=\"https:\/\/innovationhaar.com\/de\/wp-content\/uploads\/sites\/3\/2025\/02\/Clinic_1.webp\" class=\"attachment-full size-full wp-image-715\" alt=\"\" srcset=\"https:\/\/innovationhaar.com\/de\/wp-content\/uploads\/sites\/3\/2025\/02\/Clinic_1.webp 1600w, https:\/\/innovationhaar.com\/de\/wp-content\/uploads\/sites\/3\/2025\/02\/Clinic_1-300x200.webp 300w, https:\/\/innovationhaar.com\/de\/wp-content\/uploads\/sites\/3\/2025\/02\/Clinic_1-1024x682.webp 1024w, https:\/\/innovationhaar.com\/de\/wp-content\/uploads\/sites\/3\/2025\/02\/Clinic_1-768x512.webp 768w, https:\/\/innovationhaar.com\/de\/wp-content\/uploads\/sites\/3\/2025\/02\/Clinic_1-1536x1023.webp 1536w\" sizes=\"(max-width: 1600px) 100vw, 1600px\" \/>\t\t\t\t\t\t\t\t\t\t\t\t\t\t\t<\/div>\n\t\t\t\t<\/div>\n\t\t\t\t<\/div>\n\t\t<div class=\"elementor-element elementor-element-78927325 e-con-full e-flex e-con e-child\" data-id=\"78927325\" data-element_type=\"container\" data-e-type=\"container\">\n\t\t\t\t<div class=\"elementor-element elementor-element-21258d86 elementor-widget elementor-widget-text-editor\" data-id=\"21258d86\" data-element_type=\"widget\" data-e-type=\"widget\" data-widget_type=\"text-editor.default\">\n\t\t\t\t<div class=\"elementor-widget-container\">\n\t\t\t\t\t\t\t\t\t<p>Um nat\u00fcrliche und langanhaltende Ergebnisse zu erzielen, ist es wichtig, dass die Haartransplantation von einem spezialisierten Team durchgef\u00fchrt wird.Innovation Haar hilft Ihnen mit innovativen Techniken und individuell angepassten Behandlungsm\u00f6glichkeiten, Ihr Wunschhaar zu erreichen.F\u00fcr ein \u00e4sthetisches und nat\u00fcrliches Erscheinungsbild k\u00f6nnen Sie dem erfahrenen Team von Innovation Haar vertrauen. Durch eine qualitativ hochwertige und professionelle Behandlung steigern Sie Ihr Selbstbewusstsein und profitieren von erstklassigem Service.<\/p>\t\t\t\t\t\t\t\t<\/div>\n\t\t\t\t<\/div>\n\t\t\t\t<div class=\"elementor-element elementor-element-1e204be7 elementor-align-center elementor-widget elementor-widget-button\" data-id=\"1e204be7\" data-element_type=\"widget\" data-e-type=\"widget\" data-widget_type=\"button.default\">\n\t\t\t\t<div class=\"elementor-widget-container\">\n\t\t\t\t\t\t\t\t\t<div class=\"elementor-button-wrapper\">\n\t\t\t\t\t<a class=\"elementor-button elementor-button-link elementor-size-sm\" href=\"https:\/\/innovationhaar.com\/de\/kontakt\/\">\n\t\t\t\t\t\t<span class=\"elementor-button-content-wrapper\">\n\t\t\t\t\t\t\t\t\t<span class=\"elementor-button-text\">Kontaktieren Sie uns<\/span>\n\t\t\t\t\t<\/span>\n\t\t\t\t\t<\/a>\n\t\t\t\t<\/div>\n\t\t\t\t\t\t\t\t<\/div>\n\t\t\t\t<\/div>\n\t\t\t\t<\/div>\n\t\t\t\t<\/div>\n\t\t<div class=\"elementor-element elementor-element-2471c3bc e-con-full e-flex e-con e-parent\" data-id=\"2471c3bc\" data-element_type=\"container\" data-e-type=\"container\">\n\t\t\t\t<div class=\"elementor-element elementor-element-1a9ebd0e elementor-widget elementor-widget-html\" data-id=\"1a9ebd0e\" data-element_type=\"widget\" data-e-type=\"widget\" data-widget_type=\"html.default\">\n\t\t\t\t<div class=\"elementor-widget-container\">\n\t\t\t\t\t<!-- WhatsApp Butonu -->\r\n<div class=\"whatsapp-button\">\r\n  <a href=\"https:\/\/api.whatsapp.com\/send\/?phone=905437481434\" target=\"_blank\" onclick=\"return gtag_report_conversion('https:\/\/api.whatsapp.com\/send\/?phone=905327840021');\" rel=\"nofollow\">\r\n    <img decoding=\"async\" src=\"https:\/\/upload.wikimedia.org\/wikipedia\/commons\/5\/5e\/WhatsApp_icon.png\" alt=\"WhatsApp\">\r\n    <div class=\"wave\"><\/div>\r\n  <\/a>\r\n<\/div>\r\n\r\n<style>\r\n  \/* WhatsApp Butonu Stil *\/\r\n  .whatsapp-button {\r\n    position: fixed;\r\n    bottom: 20px;\r\n    right: 20px;\r\n    width: 60px;\r\n    height: 60px;\r\n    background-color: #25d366;\r\n    border-radius: 50%;\r\n    display: flex;\r\n    justify-content: center;\r\n    align-items: center;\r\n    cursor: pointer;\r\n    z-index: 1000;\r\n  }\r\n\r\n  .whatsapp-button img {\r\n    width: 35px;\r\n    height: 35px;\r\n  }\r\n\r\n  .wave {\r\n    position: absolute;\r\n    top: 50%;\r\n    left: 50%;\r\n    transform: translate(-50%, -50%);\r\n    width: 80px;\r\n    height: 80px;\r\n    background: rgba(37, 211, 102, 0.6);\r\n    border-radius: 50%;\r\n    animation: waveAnimation 1.5s infinite;\r\n  }\r\n\r\n  @keyframes waveAnimation {\r\n    0% {\r\n      transform: translate(-50%, -50%) scale(0.8);\r\n      opacity: 1;\r\n    }\r\n    100% {\r\n      transform: translate(-50%, -50%) scale(1.1);\r\n      opacity: 0;\r\n    }\r\n  }\r\n\r\n  @media (min-width: 2048px) {\r\n    .whatsapp-button {\r\n      width: 4vw; \/* Buton boyutu vw cinsinden *\/\r\n      height: 4vw;\r\n    }\r\n\r\n    .whatsapp-button img {\r\n      width: 2.5vw; \/* \u0130kon boyutu vw cinsinden *\/\r\n      height: 2.5vw;\r\n    }\r\n\r\n    .wave {\r\n      width: 5vw; \/* Dalga boyutu vw cinsinden *\/\r\n      height: 5vw;\r\n    }\r\n  }\r\n<\/style>\r\n\t\t\t\t<\/div>\n\t\t\t\t<\/div>\n\t\t\t\t<\/div>\n\t\t\t\t<\/div>\n\t\t","protected":false},"excerpt":{"rendered":"<p>SAPHIR HAARTRANSPLANTATION Haartransplantation mit der Saphir Technik \u00a0Mit den Fortschritten in der Technologie haben kontinuierliche Innovationen in allen Bereichen stattgefunden, was sich auch auf die Haartransplantation ausgewirkt hat. Im Zuge der Weiterentwicklung der FUE-Methode wurde 2016 die Saphir-Technik als eine innovative Variante eingef\u00fchrt und f\u00fcr Haartransplantationen genutzt.Obwohl sich diese Methode in Bezug auf die Entnahme [&hellip;]<\/p>\n","protected":false},"author":1,"featured_media":0,"parent":0,"menu_order":0,"comment_status":"closed","ping_status":"closed","template":"","meta":{"footnotes":""},"class_list":["post-71","page","type-page","status-publish","hentry"],"yoast_head":"<!-- This site is optimized with the Yoast SEO plugin v27.5 - https:\/\/yoast.com\/product\/yoast-seo-wordpress\/ -->\n<title>Saphir Haartransplantation - Innovation Haar<\/title>\n<meta name=\"robots\" content=\"index, follow, max-snippet:-1, max-image-preview:large, max-video-preview:-1\" \/>\n<link rel=\"canonical\" href=\"https:\/\/innovationhaar.com\/de\/saphir-haartransplantation\/\" \/>\n<meta property=\"og:locale\" content=\"tr_TR\" \/>\n<meta property=\"og:type\" content=\"article\" \/>\n<meta property=\"og:title\" content=\"Saphir Haartransplantation - Innovation Haar\" \/>\n<meta property=\"og:description\" content=\"SAPHIR HAARTRANSPLANTATION Haartransplantation mit der Saphir Technik \u00a0Mit den Fortschritten in der Technologie haben kontinuierliche Innovationen in allen Bereichen stattgefunden, was sich auch auf die Haartransplantation ausgewirkt hat. Im Zuge der Weiterentwicklung der FUE-Methode wurde 2016 die Saphir-Technik als eine innovative Variante eingef\u00fchrt und f\u00fcr Haartransplantationen genutzt.Obwohl sich diese Methode in Bezug auf die Entnahme [&hellip;]\" \/>\n<meta property=\"og:url\" content=\"https:\/\/innovationhaar.com\/de\/saphir-haartransplantation\/\" \/>\n<meta property=\"og:site_name\" content=\"Innovation Haar\" \/>\n<meta property=\"article:modified_time\" content=\"2025-02-26T19:13:45+00:00\" \/>\n<meta property=\"og:image\" content=\"https:\/\/innovationhaar.com\/de\/wp-content\/uploads\/sites\/3\/2025\/02\/sapphire-hair.png\" \/>\n\t<meta property=\"og:image:width\" content=\"600\" \/>\n\t<meta property=\"og:image:height\" content=\"361\" \/>\n\t<meta property=\"og:image:type\" content=\"image\/png\" \/>\n<meta name=\"twitter:card\" content=\"summary_large_image\" \/>\n<meta name=\"twitter:label1\" content=\"Tahmini okuma s\u00fcresi\" \/>\n\t<meta name=\"twitter:data1\" content=\"2 dakika\" \/>\n<script type=\"application\/ld+json\" class=\"yoast-schema-graph\">{\"@context\":\"https:\\\/\\\/schema.org\",\"@graph\":[{\"@type\":\"WebPage\",\"@id\":\"https:\\\/\\\/innovationhaar.com\\\/de\\\/saphir-haartransplantation\\\/\",\"url\":\"https:\\\/\\\/innovationhaar.com\\\/de\\\/saphir-haartransplantation\\\/\",\"name\":\"Saphir Haartransplantation - Innovation Haar\",\"isPartOf\":{\"@id\":\"https:\\\/\\\/innovationhaar.com\\\/de\\\/#website\"},\"primaryImageOfPage\":{\"@id\":\"https:\\\/\\\/innovationhaar.com\\\/de\\\/saphir-haartransplantation\\\/#primaryimage\"},\"image\":{\"@id\":\"https:\\\/\\\/innovationhaar.com\\\/de\\\/saphir-haartransplantation\\\/#primaryimage\"},\"thumbnailUrl\":\"https:\\\/\\\/innovationhaar.com\\\/de\\\/wp-content\\\/uploads\\\/sites\\\/3\\\/2025\\\/02\\\/sapphire-hair.png\",\"datePublished\":\"2025-02-21T20:12:17+00:00\",\"dateModified\":\"2025-02-26T19:13:45+00:00\",\"breadcrumb\":{\"@id\":\"https:\\\/\\\/innovationhaar.com\\\/de\\\/saphir-haartransplantation\\\/#breadcrumb\"},\"inLanguage\":\"tr\",\"potentialAction\":[{\"@type\":\"ReadAction\",\"target\":[\"https:\\\/\\\/innovationhaar.com\\\/de\\\/saphir-haartransplantation\\\/\"]}]},{\"@type\":\"ImageObject\",\"inLanguage\":\"tr\",\"@id\":\"https:\\\/\\\/innovationhaar.com\\\/de\\\/saphir-haartransplantation\\\/#primaryimage\",\"url\":\"https:\\\/\\\/innovationhaar.com\\\/de\\\/wp-content\\\/uploads\\\/sites\\\/3\\\/2025\\\/02\\\/sapphire-hair.png\",\"contentUrl\":\"https:\\\/\\\/innovationhaar.com\\\/de\\\/wp-content\\\/uploads\\\/sites\\\/3\\\/2025\\\/02\\\/sapphire-hair.png\",\"width\":600,\"height\":361},{\"@type\":\"BreadcrumbList\",\"@id\":\"https:\\\/\\\/innovationhaar.com\\\/de\\\/saphir-haartransplantation\\\/#breadcrumb\",\"itemListElement\":[{\"@type\":\"ListItem\",\"position\":1,\"name\":\"Anasayfa\",\"item\":\"https:\\\/\\\/innovationhaar.com\\\/de\\\/\"},{\"@type\":\"ListItem\",\"position\":2,\"name\":\"Saphir Haartransplantation\"}]},{\"@type\":\"WebSite\",\"@id\":\"https:\\\/\\\/innovationhaar.com\\\/de\\\/#website\",\"url\":\"https:\\\/\\\/innovationhaar.com\\\/de\\\/\",\"name\":\"Innovation Haar\",\"description\":\"Haartransplantation in Istanbul\",\"publisher\":{\"@id\":\"https:\\\/\\\/innovationhaar.com\\\/de\\\/#organization\"},\"potentialAction\":[{\"@type\":\"SearchAction\",\"target\":{\"@type\":\"EntryPoint\",\"urlTemplate\":\"https:\\\/\\\/innovationhaar.com\\\/de\\\/?s={search_term_string}\"},\"query-input\":{\"@type\":\"PropertyValueSpecification\",\"valueRequired\":true,\"valueName\":\"search_term_string\"}}],\"inLanguage\":\"tr\"},{\"@type\":\"Organization\",\"@id\":\"https:\\\/\\\/innovationhaar.com\\\/de\\\/#organization\",\"name\":\"Innovation Haar\",\"url\":\"https:\\\/\\\/innovationhaar.com\\\/de\\\/\",\"logo\":{\"@type\":\"ImageObject\",\"inLanguage\":\"tr\",\"@id\":\"https:\\\/\\\/innovationhaar.com\\\/de\\\/#\\\/schema\\\/logo\\\/image\\\/\",\"url\":\"https:\\\/\\\/innovationhaar.com\\\/de\\\/wp-content\\\/uploads\\\/sites\\\/3\\\/2025\\\/02\\\/innovation_haar_logo_2.svg\",\"contentUrl\":\"https:\\\/\\\/innovationhaar.com\\\/de\\\/wp-content\\\/uploads\\\/sites\\\/3\\\/2025\\\/02\\\/innovation_haar_logo_2.svg\",\"width\":641,\"height\":179,\"caption\":\"Innovation Haar \"},\"image\":{\"@id\":\"https:\\\/\\\/innovationhaar.com\\\/de\\\/#\\\/schema\\\/logo\\\/image\\\/\"}}]}<\/script>\n<!-- \/ Yoast SEO plugin. -->","yoast_head_json":{"title":"Saphir Haartransplantation - Innovation Haar","robots":{"index":"index","follow":"follow","max-snippet":"max-snippet:-1","max-image-preview":"max-image-preview:large","max-video-preview":"max-video-preview:-1"},"canonical":"https:\/\/innovationhaar.com\/de\/saphir-haartransplantation\/","og_locale":"tr_TR","og_type":"article","og_title":"Saphir Haartransplantation - Innovation Haar","og_description":"SAPHIR HAARTRANSPLANTATION Haartransplantation mit der Saphir Technik \u00a0Mit den Fortschritten in der Technologie haben kontinuierliche Innovationen in allen Bereichen stattgefunden, was sich auch auf die Haartransplantation ausgewirkt hat. Im Zuge der Weiterentwicklung der FUE-Methode wurde 2016 die Saphir-Technik als eine innovative Variante eingef\u00fchrt und f\u00fcr Haartransplantationen genutzt.Obwohl sich diese Methode in Bezug auf die Entnahme [&hellip;]","og_url":"https:\/\/innovationhaar.com\/de\/saphir-haartransplantation\/","og_site_name":"Innovation Haar","article_modified_time":"2025-02-26T19:13:45+00:00","og_image":[{"width":600,"height":361,"url":"https:\/\/innovationhaar.com\/de\/wp-content\/uploads\/sites\/3\/2025\/02\/sapphire-hair.png","type":"image\/png"}],"twitter_card":"summary_large_image","twitter_misc":{"Tahmini okuma s\u00fcresi":"2 dakika"},"schema":{"@context":"https:\/\/schema.org","@graph":[{"@type":"WebPage","@id":"https:\/\/innovationhaar.com\/de\/saphir-haartransplantation\/","url":"https:\/\/innovationhaar.com\/de\/saphir-haartransplantation\/","name":"Saphir Haartransplantation - Innovation Haar","isPartOf":{"@id":"https:\/\/innovationhaar.com\/de\/#website"},"primaryImageOfPage":{"@id":"https:\/\/innovationhaar.com\/de\/saphir-haartransplantation\/#primaryimage"},"image":{"@id":"https:\/\/innovationhaar.com\/de\/saphir-haartransplantation\/#primaryimage"},"thumbnailUrl":"https:\/\/innovationhaar.com\/de\/wp-content\/uploads\/sites\/3\/2025\/02\/sapphire-hair.png","datePublished":"2025-02-21T20:12:17+00:00","dateModified":"2025-02-26T19:13:45+00:00","breadcrumb":{"@id":"https:\/\/innovationhaar.com\/de\/saphir-haartransplantation\/#breadcrumb"},"inLanguage":"tr","potentialAction":[{"@type":"ReadAction","target":["https:\/\/innovationhaar.com\/de\/saphir-haartransplantation\/"]}]},{"@type":"ImageObject","inLanguage":"tr","@id":"https:\/\/innovationhaar.com\/de\/saphir-haartransplantation\/#primaryimage","url":"https:\/\/innovationhaar.com\/de\/wp-content\/uploads\/sites\/3\/2025\/02\/sapphire-hair.png","contentUrl":"https:\/\/innovationhaar.com\/de\/wp-content\/uploads\/sites\/3\/2025\/02\/sapphire-hair.png","width":600,"height":361},{"@type":"BreadcrumbList","@id":"https:\/\/innovationhaar.com\/de\/saphir-haartransplantation\/#breadcrumb","itemListElement":[{"@type":"ListItem","position":1,"name":"Anasayfa","item":"https:\/\/innovationhaar.com\/de\/"},{"@type":"ListItem","position":2,"name":"Saphir Haartransplantation"}]},{"@type":"WebSite","@id":"https:\/\/innovationhaar.com\/de\/#website","url":"https:\/\/innovationhaar.com\/de\/","name":"Innovation Haar","description":"Haartransplantation in Istanbul","publisher":{"@id":"https:\/\/innovationhaar.com\/de\/#organization"},"potentialAction":[{"@type":"SearchAction","target":{"@type":"EntryPoint","urlTemplate":"https:\/\/innovationhaar.com\/de\/?s={search_term_string}"},"query-input":{"@type":"PropertyValueSpecification","valueRequired":true,"valueName":"search_term_string"}}],"inLanguage":"tr"},{"@type":"Organization","@id":"https:\/\/innovationhaar.com\/de\/#organization","name":"Innovation Haar","url":"https:\/\/innovationhaar.com\/de\/","logo":{"@type":"ImageObject","inLanguage":"tr","@id":"https:\/\/innovationhaar.com\/de\/#\/schema\/logo\/image\/","url":"https:\/\/innovationhaar.com\/de\/wp-content\/uploads\/sites\/3\/2025\/02\/innovation_haar_logo_2.svg","contentUrl":"https:\/\/innovationhaar.com\/de\/wp-content\/uploads\/sites\/3\/2025\/02\/innovation_haar_logo_2.svg","width":641,"height":179,"caption":"Innovation Haar "},"image":{"@id":"https:\/\/innovationhaar.com\/de\/#\/schema\/logo\/image\/"}}]}},"_links":{"self":[{"href":"https:\/\/innovationhaar.com\/de\/wp-json\/wp\/v2\/pages\/71","targetHints":{"allow":["GET"]}}],"collection":[{"href":"https:\/\/innovationhaar.com\/de\/wp-json\/wp\/v2\/pages"}],"about":[{"href":"https:\/\/innovationhaar.com\/de\/wp-json\/wp\/v2\/types\/page"}],"author":[{"embeddable":true,"href":"https:\/\/innovationhaar.com\/de\/wp-json\/wp\/v2\/users\/1"}],"replies":[{"embeddable":true,"href":"https:\/\/innovationhaar.com\/de\/wp-json\/wp\/v2\/comments?post=71"}],"version-history":[{"count":10,"href":"https:\/\/innovationhaar.com\/de\/wp-json\/wp\/v2\/pages\/71\/revisions"}],"predecessor-version":[{"id":762,"href":"https:\/\/innovationhaar.com\/de\/wp-json\/wp\/v2\/pages\/71\/revisions\/762"}],"wp:attachment":[{"href":"https:\/\/innovationhaar.com\/de\/wp-json\/wp\/v2\/media?parent=71"}],"curies":[{"name":"wp","href":"https:\/\/api.w.org\/{rel}","templated":true}]}}