{"id":311,"date":"2025-02-23T23:16:54","date_gmt":"2025-02-23T20:16:54","guid":{"rendered":"https:\/\/innovationhaar.com\/de\/?page_id=311"},"modified":"2025-02-23T23:41:58","modified_gmt":"2025-02-23T20:41:58","slug":"datenschutzerklarung","status":"publish","type":"page","link":"https:\/\/innovationhaar.com\/de\/datenschutzerklarung\/","title":{"rendered":"Datenschutzerkl\u00e4rung"},"content":{"rendered":"\t\t<div data-elementor-type=\"wp-page\" data-elementor-id=\"311\" class=\"elementor elementor-311\" data-elementor-post-type=\"page\">\n\t\t\t\t<div class=\"elementor-element elementor-element-4a3448f4 e-flex e-con-boxed e-con e-parent\" data-id=\"4a3448f4\" data-element_type=\"container\" data-e-type=\"container\" data-settings=\"{&quot;background_background&quot;:&quot;classic&quot;}\">\n\t\t\t\t\t<div class=\"e-con-inner\">\n\t\t\t\t<div class=\"elementor-element elementor-element-30c25327 elementor-widget elementor-widget-heading\" data-id=\"30c25327\" data-element_type=\"widget\" data-e-type=\"widget\" data-widget_type=\"heading.default\">\n\t\t\t\t<div class=\"elementor-widget-container\">\n\t\t\t\t\t<h1 class=\"elementor-heading-title elementor-size-default\">Datenschutzerkl\u00e4rung \u2013 Innovation Haar<\/h1>\t\t\t\t<\/div>\n\t\t\t\t<\/div>\n\t\t\t\t<div class=\"elementor-element elementor-element-77c90df3 elementor-widget elementor-widget-text-editor\" data-id=\"77c90df3\" data-element_type=\"widget\" data-e-type=\"widget\" data-widget_type=\"text-editor.default\">\n\t\t\t\t<div class=\"elementor-widget-container\">\n\t\t\t\t\t\t\t\t\t<p data-start=\"147\" data-end=\"491\">\u00a0Bei <strong data-start=\"151\" data-end=\"170\">Innovation Haar<\/strong> (zug\u00e4nglich unter <a href=\"http:\/\/www.innovationhaar.com\" target=\"_new\" rel=\"noopener\" data-start=\"189\" data-end=\"244\">www.innovationhaar.com<\/a>) ist der Schutz Ihrer Privatsph\u00e4re eine unserer obersten Priorit\u00e4ten. Diese Datenschutzrichtlinie beschreibt, wie wir personenbezogene Daten erfassen, verwenden und sch\u00fctzen, wenn Sie unsere Website besuchen oder unsere Dienstleistungen nutzen.<\/p><p data-start=\"493\" data-end=\"632\">Falls Sie Fragen zu dieser Datenschutzrichtlinie haben oder weitere Informationen ben\u00f6tigen, z\u00f6gern Sie bitte nicht, uns zu kontaktieren.<\/p><p data-start=\"634\" data-end=\"815\">Diese Datenschutzrichtlinie gilt ausschlie\u00dflich f\u00fcr Informationen, die \u00fcber unsere Website gesammelt werden, und nicht f\u00fcr Daten, die offline oder auf andere Weise erhoben werden.<\/p>\t\t\t\t\t\t\t\t<\/div>\n\t\t\t\t<\/div>\n\t\t\t\t<div class=\"elementor-element elementor-element-45da3e89 elementor-widget elementor-widget-heading\" data-id=\"45da3e89\" data-element_type=\"widget\" data-e-type=\"widget\" data-widget_type=\"heading.default\">\n\t\t\t\t<div class=\"elementor-widget-container\">\n\t\t\t\t\t<h3 class=\"elementor-heading-title elementor-size-default\">1) Ihre Zustimmung<\/h3>\t\t\t\t<\/div>\n\t\t\t\t<\/div>\n\t\t\t\t<div class=\"elementor-element elementor-element-7b956e83 elementor-widget elementor-widget-text-editor\" data-id=\"7b956e83\" data-element_type=\"widget\" data-e-type=\"widget\" data-widget_type=\"text-editor.default\">\n\t\t\t\t<div class=\"elementor-widget-container\">\n\t\t\t\t\t\t\t\t\t<p>\u00a0Durch die Nutzung unserer Website best\u00e4tigen Sie, dass Sie diese Datenschutzrichtlinie gelesen und akzeptiert haben und der Erfassung und Nutzung Ihrer Daten gem\u00e4\u00df dieser Erkl\u00e4rung zustimmen.<\/p>\t\t\t\t\t\t\t\t<\/div>\n\t\t\t\t<\/div>\n\t\t\t\t<div class=\"elementor-element elementor-element-61afbbd9 elementor-widget elementor-widget-heading\" data-id=\"61afbbd9\" data-element_type=\"widget\" data-e-type=\"widget\" data-widget_type=\"heading.default\">\n\t\t\t\t<div class=\"elementor-widget-container\">\n\t\t\t\t\t<h3 class=\"elementor-heading-title elementor-size-default\">2) Welche Daten wir erfassen<\/h3>\t\t\t\t<\/div>\n\t\t\t\t<\/div>\n\t\t\t\t<div class=\"elementor-element elementor-element-6813a717 elementor-widget elementor-widget-text-editor\" data-id=\"6813a717\" data-element_type=\"widget\" data-e-type=\"widget\" data-widget_type=\"text-editor.default\">\n\t\t\t\t<div class=\"elementor-widget-container\">\n\t\t\t\t\t\t\t\t\t<p>\u00a0Wir k\u00f6nnen personenbezogene Daten erfassen, die Sie uns direkt bereitstellen, sowie automatisch gesammelte Daten, wenn Sie mit unserer Website interagieren. Dazu geh\u00f6ren unter anderem:<\/p><ul><li><strong data-start=\"1280\" data-end=\"1305\">Kontaktinformationen:<\/strong> Ihr Name, Ihre E-Mail-Adresse, Ihre Telefonnummer und alle weiteren Informationen, die Sie uns in Nachrichten oder Anh\u00e4ngen senden.<\/li><li><strong>Medizinische Informationen:<\/strong> Angaben zu Ihren Haartransplantationsw\u00fcnschen oder Behandlungspr\u00e4ferenzen, die w\u00e4hrend einer Beratung mitgeteilt werden.<\/li><li><strong>Technische Daten:<\/strong> IP-Adresse, Browsertyp, Ger\u00e4teinformationen und Interaktionen mit unserer Website zu Analysezwecken.<\/li><li><strong data-start=\"1726\" data-end=\"1752\">Weitere Informationen:<\/strong> Falls Sie ein Konto erstellen oder sich f\u00fcr unsere Dienstleistungen anmelden, k\u00f6nnen wir zus\u00e4tzliche Informationen wie Ihre Adresse und Pr\u00e4ferenzen anfordern.<\/li><\/ul>\t\t\t\t\t\t\t\t<\/div>\n\t\t\t\t<\/div>\n\t\t\t\t<div class=\"elementor-element elementor-element-1428b617 elementor-widget elementor-widget-heading\" data-id=\"1428b617\" data-element_type=\"widget\" data-e-type=\"widget\" data-widget_type=\"heading.default\">\n\t\t\t\t<div class=\"elementor-widget-container\">\n\t\t\t\t\t<h3 class=\"elementor-heading-title elementor-size-default\">3) Wie wir Ihre Daten verwenden<\/h3>\t\t\t\t<\/div>\n\t\t\t\t<\/div>\n\t\t\t\t<div class=\"elementor-element elementor-element-17ce6cdb elementor-widget elementor-widget-text-editor\" data-id=\"17ce6cdb\" data-element_type=\"widget\" data-e-type=\"widget\" data-widget_type=\"text-editor.default\">\n\t\t\t\t<div class=\"elementor-widget-container\">\n\t\t\t\t\t\t\t\t\t<p>\u00a0Die gesammelten Informationen werden f\u00fcr folgende Zwecke genutzt:<\/p><ul data-start=\"2031\" data-end=\"2484\"><li data-start=\"2031\" data-end=\"2111\">Bereitstellung und Verbesserung unserer Dienstleistungen und unserer Website<\/li><li data-start=\"2112\" data-end=\"2191\">Personalisierung Ihrer Erfahrung und Optimierung der Website-Funktionalit\u00e4t<\/li><li data-start=\"2192\" data-end=\"2271\">Beantwortung von Anfragen und Bereitstellung personalisierter Unterst\u00fctzung<\/li><li data-start=\"2272\" data-end=\"2336\">Kommunikation wichtiger Updates, Werbeaktionen oder Angebote<\/li><li data-start=\"2337\" data-end=\"2404\">Entwicklung neuer Funktionen, Behandlungen und Dienstleistungen<\/li><li data-start=\"2405\" data-end=\"2484\">Verhinderung von unbefugtem Zugriff, Betrug oder anderen Sicherheitsrisiken<\/li><\/ul>\t\t\t\t\t\t\t\t<\/div>\n\t\t\t\t<\/div>\n\t\t\t\t<div class=\"elementor-element elementor-element-19f685c1 elementor-widget elementor-widget-heading\" data-id=\"19f685c1\" data-element_type=\"widget\" data-e-type=\"widget\" data-widget_type=\"heading.default\">\n\t\t\t\t<div class=\"elementor-widget-container\">\n\t\t\t\t\t<h2 class=\"elementor-heading-title elementor-size-default\">4) Protokolldateien und Analysen<\/h2>\t\t\t\t<\/div>\n\t\t\t\t<\/div>\n\t\t\t\t<div class=\"elementor-element elementor-element-4087e123 elementor-widget elementor-widget-text-editor\" data-id=\"4087e123\" data-element_type=\"widget\" data-e-type=\"widget\" data-widget_type=\"text-editor.default\">\n\t\t\t\t<div class=\"elementor-widget-container\">\n\t\t\t\t\t\t\t\t\t<p data-start=\"2534\" data-end=\"2875\">\u00a0Wie viele andere Websites nutzt <strong data-start=\"2566\" data-end=\"2585\">Innovation Haar<\/strong> Protokolldateien, um die Aktivit\u00e4ten von Besuchern nachzuverfolgen. Diese Dateien erfassen standardm\u00e4\u00dfige Informationen wie IP-Adressen, Browsertypen, ISP-Daten und Zeitstempel. Diese Daten dienen der Analyse von Trends, der Website-Verwaltung und der Verbesserung der Benutzererfahrung.<\/p><p data-start=\"2877\" data-end=\"2995\">Zudem verwenden wir Drittanbieter-Analysetools, um das Verhalten der Nutzer auf unserer Website besser zu verstehen.<\/p>\t\t\t\t\t\t\t\t<\/div>\n\t\t\t\t<\/div>\n\t\t\t\t<div class=\"elementor-element elementor-element-3e55a225 elementor-widget elementor-widget-heading\" data-id=\"3e55a225\" data-element_type=\"widget\" data-e-type=\"widget\" data-widget_type=\"heading.default\">\n\t\t\t\t<div class=\"elementor-widget-container\">\n\t\t\t\t\t<h3 class=\"elementor-heading-title elementor-size-default\">5) Cookies und Tracking-Technologien<\/h3>\t\t\t\t<\/div>\n\t\t\t\t<\/div>\n\t\t\t\t<div class=\"elementor-element elementor-element-a8d7348 elementor-widget elementor-widget-text-editor\" data-id=\"a8d7348\" data-element_type=\"widget\" data-e-type=\"widget\" data-widget_type=\"text-editor.default\">\n\t\t\t\t<div class=\"elementor-widget-container\">\n\t\t\t\t\t\t\t\t\t<p data-start=\"3049\" data-end=\"3300\">\u00a0Unsere Website verwendet Cookies, um Ihre Pr\u00e4ferenzen zu speichern und Inhalte zu personalisieren, um Ihr Surferlebnis zu verbessern. Diese kleinen Dateien werden auf Ihrem Ger\u00e4t gespeichert und k\u00f6nnen in den Browsereinstellungen deaktiviert werden.<\/p><p data-start=\"3302\" data-end=\"3389\">Weitere Informationen zu Cookies finden Sie auf unserer Seite <strong data-start=\"3364\" data-end=\"3387\">&#8220;<a href=\"https:\/\/www.privacypolicyonline.com\/privacy-policy-generator\/\">Was sind Cookies?<\/a>&#8220;<\/strong><\/p>\t\t\t\t\t\t\t\t<\/div>\n\t\t\t\t<\/div>\n\t\t\t\t<div class=\"elementor-element elementor-element-50f72a8d elementor-widget elementor-widget-heading\" data-id=\"50f72a8d\" data-element_type=\"widget\" data-e-type=\"widget\" data-widget_type=\"heading.default\">\n\t\t\t\t<div class=\"elementor-widget-container\">\n\t\t\t\t\t<h3 class=\"elementor-heading-title elementor-size-default\">6) Drittanbieter-Dienste<\/h3>\t\t\t\t<\/div>\n\t\t\t\t<\/div>\n\t\t\t\t<div class=\"elementor-element elementor-element-127aca1b elementor-widget elementor-widget-text-editor\" data-id=\"127aca1b\" data-element_type=\"widget\" data-e-type=\"widget\" data-widget_type=\"text-editor.default\">\n\t\t\t\t<div class=\"elementor-widget-container\">\n\t\t\t\t\t\t\t\t\t<p data-start=\"3431\" data-end=\"3639\">\u00a0Wir arbeiten mit Drittanbietern zusammen, um bestimmte Aufgaben wie Hosting, Werbung und Analysen auszuf\u00fchren. Diese Dienstleister k\u00f6nnen Cookies oder Web-Beacons verwenden, um ihre Dienste bereitzustellen.<\/p><p data-start=\"3641\" data-end=\"3856\">Obwohl wir nur mit renommierten Anbietern arbeiten, hat <strong data-start=\"3697\" data-end=\"3716\">Innovation Haar<\/strong> keine Kontrolle dar\u00fcber, wie diese Drittanbieter Ihre Daten verarbeiten. Wir empfehlen Ihnen, deren Datenschutzrichtlinien zu \u00fcberpr\u00fcfen.<\/p>\t\t\t\t\t\t\t\t<\/div>\n\t\t\t\t<\/div>\n\t\t\t\t<div class=\"elementor-element elementor-element-1e860793 elementor-widget elementor-widget-heading\" data-id=\"1e860793\" data-element_type=\"widget\" data-e-type=\"widget\" data-widget_type=\"heading.default\">\n\t\t\t\t<div class=\"elementor-widget-container\">\n\t\t\t\t\t<h3 class=\"elementor-heading-title elementor-size-default\">7) Ihre Datenschutzrechte<\/h3>\t\t\t\t<\/div>\n\t\t\t\t<\/div>\n\t\t\t\t<div class=\"elementor-element elementor-element-d413859 elementor-widget elementor-widget-text-editor\" data-id=\"d413859\" data-element_type=\"widget\" data-e-type=\"widget\" data-widget_type=\"text-editor.default\">\n\t\t\t\t<div class=\"elementor-widget-container\">\n\t\t\t\t\t\t\t\t\t<p>Abh\u00e4ngig von Ihrem Wohnsitz haben Sie m\u00f6glicherweise folgende Rechte in Bezug auf Ihre personenbezogenen Daten:<\/p><ul><li data-start=\"4014\" data-end=\"4057\"><strong data-start=\"4016\" data-end=\"4055\">Zugang zu Ihren gespeicherten Daten<\/strong><\/li><li data-start=\"4058\" data-end=\"4118\"><strong data-start=\"4060\" data-end=\"4116\">Berichtigung oder Aktualisierung Ihrer Informationen<\/strong><\/li><li data-start=\"4119\" data-end=\"4194\"><strong data-start=\"4121\" data-end=\"4192\">L\u00f6schung Ihrer personenbezogenen Daten unter bestimmten Bedingungen<\/strong><\/li><li data-start=\"4195\" data-end=\"4261\"><strong data-start=\"4197\" data-end=\"4259\">Widerspruch gegen bestimmte Verwendungen oder Mitteilungen<\/strong><\/li><\/ul><p data-start=\"4263\" data-end=\"4360\">Um eines dieser Rechte auszu\u00fcben, kontaktieren Sie uns bitte unter &#8220;<strong data-start=\"4330\" data-end=\"4357\"><a rel=\"noopener\" data-start=\"4332\" data-end=\"4355\">info@innovationhaar.com&#8221;<\/a><\/strong><\/p>\t\t\t\t\t\t\t\t<\/div>\n\t\t\t\t<\/div>\n\t\t\t\t<div class=\"elementor-element elementor-element-2a06b873 elementor-widget elementor-widget-heading\" data-id=\"2a06b873\" data-element_type=\"widget\" data-e-type=\"widget\" data-widget_type=\"heading.default\">\n\t\t\t\t<div class=\"elementor-widget-container\">\n\t\t\t\t\t<h3 class=\"elementor-heading-title elementor-size-default\">8) Schutz der Privatsph\u00e4re von Kindern<\/h3>\t\t\t\t<\/div>\n\t\t\t\t<\/div>\n\t\t\t\t<div class=\"elementor-element elementor-element-6c8e11b4 elementor-widget elementor-widget-text-editor\" data-id=\"6c8e11b4\" data-element_type=\"widget\" data-e-type=\"widget\" data-widget_type=\"text-editor.default\">\n\t\t\t\t<div class=\"elementor-widget-container\">\n\t\t\t\t\t\t\t\t\t<p data-start=\"4416\" data-end=\"4747\">\u00a0Wir sind bestrebt, die Online-Privatsph\u00e4re von Kindern zu sch\u00fctzen. Unsere Website und unsere Dienstleistungen richten sich nicht an Personen unter 13 Jahren. Falls Sie glauben, dass Ihr Kind uns personenbezogene Daten zur Verf\u00fcgung gestellt hat, kontaktieren Sie uns bitte umgehend, damit wir diese Informationen l\u00f6schen k\u00f6nnen.<\/p>\t\t\t\t\t\t\t\t<\/div>\n\t\t\t\t<\/div>\n\t\t\t\t<div class=\"elementor-element elementor-element-65fa9457 elementor-widget elementor-widget-heading\" data-id=\"65fa9457\" data-element_type=\"widget\" data-e-type=\"widget\" data-widget_type=\"heading.default\">\n\t\t\t\t<div class=\"elementor-widget-container\">\n\t\t\t\t\t<h3 class=\"elementor-heading-title elementor-size-default\">9) Aktualisierungen dieser Datenschutzrichtlinie<\/h3>\t\t\t\t<\/div>\n\t\t\t\t<\/div>\n\t\t\t\t<div class=\"elementor-element elementor-element-2fd62990 elementor-widget elementor-widget-text-editor\" data-id=\"2fd62990\" data-element_type=\"widget\" data-e-type=\"widget\" data-widget_type=\"text-editor.default\">\n\t\t\t\t<div class=\"elementor-widget-container\">\n\t\t\t\t\t\t\t\t\t<p>\u00a0Diese Datenschutzrichtlinie kann regelm\u00e4\u00dfig aktualisiert werden, um \u00c4nderungen unserer Praktiken oder aus betrieblichen, rechtlichen oder regulatorischen Gr\u00fcnden widerzuspiegeln. Alle Aktualisierungen werden mit einem \u00fcberarbeiteten G\u00fcltigkeitsdatum auf dieser Seite ver\u00f6ffentlicht.<\/p>\t\t\t\t\t\t\t\t<\/div>\n\t\t\t\t<\/div>\n\t\t\t\t<div class=\"elementor-element elementor-element-37468cb elementor-widget elementor-widget-heading\" data-id=\"37468cb\" data-element_type=\"widget\" data-e-type=\"widget\" data-widget_type=\"heading.default\">\n\t\t\t\t<div class=\"elementor-widget-container\">\n\t\t\t\t\t<h3 class=\"elementor-heading-title elementor-size-default\">10) Kontaktinformationen<\/h3>\t\t\t\t<\/div>\n\t\t\t\t<\/div>\n\t\t\t\t<div class=\"elementor-element elementor-element-3057f964 elementor-widget elementor-widget-text-editor\" data-id=\"3057f964\" data-element_type=\"widget\" data-e-type=\"widget\" data-widget_type=\"text-editor.default\">\n\t\t\t\t<div class=\"elementor-widget-container\">\n\t\t\t\t\t\t\t\t\t<p>\u00a0Falls Sie Fragen oder Bedenken zu dieser Datenschutzrichtlinie haben, k\u00f6nnen Sie uns \u00fcber die folgenden Kontaktdaten erreichen:<\/p><p><strong>Innovation Haar :\u00a0<\/strong><br \/>Email: <strong><a href=\"mailto:info@innovationhaar.com\">info@innovationhaar.com<\/a><\/strong><br \/>Phone: <a href=\"tel:\">+90543 748 1434<\/a><br \/>Website:\u00a0 <a href=\"https:\/\/innovationhaar.com\/\">https:\/\/innovationhaar.com\/<\/a><\/p>\t\t\t\t\t\t\t\t<\/div>\n\t\t\t\t<\/div>\n\t\t\t\t\t<\/div>\n\t\t\t\t<\/div>\n\t\t\t\t<\/div>\n\t\t","protected":false},"excerpt":{"rendered":"<p>Datenschutzerkl\u00e4rung \u2013 Innovation Haar \u00a0Bei Innovation Haar (zug\u00e4nglich unter www.innovationhaar.com) ist der Schutz Ihrer Privatsph\u00e4re eine unserer obersten Priorit\u00e4ten. Diese Datenschutzrichtlinie beschreibt, wie wir personenbezogene Daten erfassen, verwenden und sch\u00fctzen, wenn Sie unsere Website besuchen oder unsere Dienstleistungen nutzen. Falls Sie Fragen zu dieser Datenschutzrichtlinie haben oder weitere Informationen ben\u00f6tigen, z\u00f6gern Sie bitte nicht, uns [&hellip;]<\/p>\n","protected":false},"author":1,"featured_media":0,"parent":0,"menu_order":0,"comment_status":"closed","ping_status":"closed","template":"","meta":{"footnotes":""},"class_list":["post-311","page","type-page","status-publish","hentry"],"yoast_head":"<!-- This site is optimized with the Yoast SEO plugin v27.5 - https:\/\/yoast.com\/product\/yoast-seo-wordpress\/ -->\n<title>Datenschutzerkl\u00e4rung - Innovation Haar<\/title>\n<meta name=\"robots\" content=\"index, follow, max-snippet:-1, max-image-preview:large, max-video-preview:-1\" \/>\n<link rel=\"canonical\" href=\"https:\/\/innovationhaar.com\/de\/datenschutzerklarung\/\" \/>\n<meta property=\"og:locale\" content=\"tr_TR\" \/>\n<meta property=\"og:type\" content=\"article\" \/>\n<meta property=\"og:title\" content=\"Datenschutzerkl\u00e4rung - Innovation Haar\" \/>\n<meta property=\"og:description\" content=\"Datenschutzerkl\u00e4rung \u2013 Innovation Haar \u00a0Bei Innovation Haar (zug\u00e4nglich unter www.innovationhaar.com) ist der Schutz Ihrer Privatsph\u00e4re eine unserer obersten Priorit\u00e4ten. Diese Datenschutzrichtlinie beschreibt, wie wir personenbezogene Daten erfassen, verwenden und sch\u00fctzen, wenn Sie unsere Website besuchen oder unsere Dienstleistungen nutzen. Falls Sie Fragen zu dieser Datenschutzrichtlinie haben oder weitere Informationen ben\u00f6tigen, z\u00f6gern Sie bitte nicht, uns [&hellip;]\" \/>\n<meta property=\"og:url\" content=\"https:\/\/innovationhaar.com\/de\/datenschutzerklarung\/\" \/>\n<meta property=\"og:site_name\" content=\"Innovation Haar\" \/>\n<meta property=\"article:modified_time\" content=\"2025-02-23T20:41:58+00:00\" \/>\n<meta name=\"twitter:card\" content=\"summary_large_image\" \/>\n<meta name=\"twitter:label1\" content=\"Tahmini okuma s\u00fcresi\" \/>\n\t<meta name=\"twitter:data1\" content=\"3 dakika\" \/>\n<script type=\"application\/ld+json\" class=\"yoast-schema-graph\">{\"@context\":\"https:\\\/\\\/schema.org\",\"@graph\":[{\"@type\":\"WebPage\",\"@id\":\"https:\\\/\\\/innovationhaar.com\\\/de\\\/datenschutzerklarung\\\/\",\"url\":\"https:\\\/\\\/innovationhaar.com\\\/de\\\/datenschutzerklarung\\\/\",\"name\":\"Datenschutzerkl\u00e4rung - Innovation Haar\",\"isPartOf\":{\"@id\":\"https:\\\/\\\/innovationhaar.com\\\/de\\\/#website\"},\"datePublished\":\"2025-02-23T20:16:54+00:00\",\"dateModified\":\"2025-02-23T20:41:58+00:00\",\"breadcrumb\":{\"@id\":\"https:\\\/\\\/innovationhaar.com\\\/de\\\/datenschutzerklarung\\\/#breadcrumb\"},\"inLanguage\":\"tr\",\"potentialAction\":[{\"@type\":\"ReadAction\",\"target\":[\"https:\\\/\\\/innovationhaar.com\\\/de\\\/datenschutzerklarung\\\/\"]}]},{\"@type\":\"BreadcrumbList\",\"@id\":\"https:\\\/\\\/innovationhaar.com\\\/de\\\/datenschutzerklarung\\\/#breadcrumb\",\"itemListElement\":[{\"@type\":\"ListItem\",\"position\":1,\"name\":\"Anasayfa\",\"item\":\"https:\\\/\\\/innovationhaar.com\\\/de\\\/\"},{\"@type\":\"ListItem\",\"position\":2,\"name\":\"Datenschutzerkl\u00e4rung\"}]},{\"@type\":\"WebSite\",\"@id\":\"https:\\\/\\\/innovationhaar.com\\\/de\\\/#website\",\"url\":\"https:\\\/\\\/innovationhaar.com\\\/de\\\/\",\"name\":\"Innovation Haar\",\"description\":\"Haartransplantation in Istanbul\",\"publisher\":{\"@id\":\"https:\\\/\\\/innovationhaar.com\\\/de\\\/#organization\"},\"potentialAction\":[{\"@type\":\"SearchAction\",\"target\":{\"@type\":\"EntryPoint\",\"urlTemplate\":\"https:\\\/\\\/innovationhaar.com\\\/de\\\/?s={search_term_string}\"},\"query-input\":{\"@type\":\"PropertyValueSpecification\",\"valueRequired\":true,\"valueName\":\"search_term_string\"}}],\"inLanguage\":\"tr\"},{\"@type\":\"Organization\",\"@id\":\"https:\\\/\\\/innovationhaar.com\\\/de\\\/#organization\",\"name\":\"Innovation Haar\",\"url\":\"https:\\\/\\\/innovationhaar.com\\\/de\\\/\",\"logo\":{\"@type\":\"ImageObject\",\"inLanguage\":\"tr\",\"@id\":\"https:\\\/\\\/innovationhaar.com\\\/de\\\/#\\\/schema\\\/logo\\\/image\\\/\",\"url\":\"https:\\\/\\\/innovationhaar.com\\\/de\\\/wp-content\\\/uploads\\\/sites\\\/3\\\/2025\\\/02\\\/innovation_haar_logo_2.svg\",\"contentUrl\":\"https:\\\/\\\/innovationhaar.com\\\/de\\\/wp-content\\\/uploads\\\/sites\\\/3\\\/2025\\\/02\\\/innovation_haar_logo_2.svg\",\"width\":641,\"height\":179,\"caption\":\"Innovation Haar \"},\"image\":{\"@id\":\"https:\\\/\\\/innovationhaar.com\\\/de\\\/#\\\/schema\\\/logo\\\/image\\\/\"}}]}<\/script>\n<!-- \/ Yoast SEO plugin. -->","yoast_head_json":{"title":"Datenschutzerkl\u00e4rung - Innovation Haar","robots":{"index":"index","follow":"follow","max-snippet":"max-snippet:-1","max-image-preview":"max-image-preview:large","max-video-preview":"max-video-preview:-1"},"canonical":"https:\/\/innovationhaar.com\/de\/datenschutzerklarung\/","og_locale":"tr_TR","og_type":"article","og_title":"Datenschutzerkl\u00e4rung - Innovation Haar","og_description":"Datenschutzerkl\u00e4rung \u2013 Innovation Haar \u00a0Bei Innovation Haar (zug\u00e4nglich unter www.innovationhaar.com) ist der Schutz Ihrer Privatsph\u00e4re eine unserer obersten Priorit\u00e4ten. Diese Datenschutzrichtlinie beschreibt, wie wir personenbezogene Daten erfassen, verwenden und sch\u00fctzen, wenn Sie unsere Website besuchen oder unsere Dienstleistungen nutzen. Falls Sie Fragen zu dieser Datenschutzrichtlinie haben oder weitere Informationen ben\u00f6tigen, z\u00f6gern Sie bitte nicht, uns [&hellip;]","og_url":"https:\/\/innovationhaar.com\/de\/datenschutzerklarung\/","og_site_name":"Innovation Haar","article_modified_time":"2025-02-23T20:41:58+00:00","twitter_card":"summary_large_image","twitter_misc":{"Tahmini okuma s\u00fcresi":"3 dakika"},"schema":{"@context":"https:\/\/schema.org","@graph":[{"@type":"WebPage","@id":"https:\/\/innovationhaar.com\/de\/datenschutzerklarung\/","url":"https:\/\/innovationhaar.com\/de\/datenschutzerklarung\/","name":"Datenschutzerkl\u00e4rung - Innovation Haar","isPartOf":{"@id":"https:\/\/innovationhaar.com\/de\/#website"},"datePublished":"2025-02-23T20:16:54+00:00","dateModified":"2025-02-23T20:41:58+00:00","breadcrumb":{"@id":"https:\/\/innovationhaar.com\/de\/datenschutzerklarung\/#breadcrumb"},"inLanguage":"tr","potentialAction":[{"@type":"ReadAction","target":["https:\/\/innovationhaar.com\/de\/datenschutzerklarung\/"]}]},{"@type":"BreadcrumbList","@id":"https:\/\/innovationhaar.com\/de\/datenschutzerklarung\/#breadcrumb","itemListElement":[{"@type":"ListItem","position":1,"name":"Anasayfa","item":"https:\/\/innovationhaar.com\/de\/"},{"@type":"ListItem","position":2,"name":"Datenschutzerkl\u00e4rung"}]},{"@type":"WebSite","@id":"https:\/\/innovationhaar.com\/de\/#website","url":"https:\/\/innovationhaar.com\/de\/","name":"Innovation Haar","description":"Haartransplantation in Istanbul","publisher":{"@id":"https:\/\/innovationhaar.com\/de\/#organization"},"potentialAction":[{"@type":"SearchAction","target":{"@type":"EntryPoint","urlTemplate":"https:\/\/innovationhaar.com\/de\/?s={search_term_string}"},"query-input":{"@type":"PropertyValueSpecification","valueRequired":true,"valueName":"search_term_string"}}],"inLanguage":"tr"},{"@type":"Organization","@id":"https:\/\/innovationhaar.com\/de\/#organization","name":"Innovation Haar","url":"https:\/\/innovationhaar.com\/de\/","logo":{"@type":"ImageObject","inLanguage":"tr","@id":"https:\/\/innovationhaar.com\/de\/#\/schema\/logo\/image\/","url":"https:\/\/innovationhaar.com\/de\/wp-content\/uploads\/sites\/3\/2025\/02\/innovation_haar_logo_2.svg","contentUrl":"https:\/\/innovationhaar.com\/de\/wp-content\/uploads\/sites\/3\/2025\/02\/innovation_haar_logo_2.svg","width":641,"height":179,"caption":"Innovation Haar "},"image":{"@id":"https:\/\/innovationhaar.com\/de\/#\/schema\/logo\/image\/"}}]}},"_links":{"self":[{"href":"https:\/\/innovationhaar.com\/de\/wp-json\/wp\/v2\/pages\/311","targetHints":{"allow":["GET"]}}],"collection":[{"href":"https:\/\/innovationhaar.com\/de\/wp-json\/wp\/v2\/pages"}],"about":[{"href":"https:\/\/innovationhaar.com\/de\/wp-json\/wp\/v2\/types\/page"}],"author":[{"embeddable":true,"href":"https:\/\/innovationhaar.com\/de\/wp-json\/wp\/v2\/users\/1"}],"replies":[{"embeddable":true,"href":"https:\/\/innovationhaar.com\/de\/wp-json\/wp\/v2\/comments?post=311"}],"version-history":[{"count":10,"href":"https:\/\/innovationhaar.com\/de\/wp-json\/wp\/v2\/pages\/311\/revisions"}],"predecessor-version":[{"id":328,"href":"https:\/\/innovationhaar.com\/de\/wp-json\/wp\/v2\/pages\/311\/revisions\/328"}],"wp:attachment":[{"href":"https:\/\/innovationhaar.com\/de\/wp-json\/wp\/v2\/media?parent=311"}],"curies":[{"name":"wp","href":"https:\/\/api.w.org\/{rel}","templated":true}]}}